{"id":1127,"date":"2016-04-29T13:28:36","date_gmt":"2016-04-29T11:28:36","guid":{"rendered":"http:\/\/www.silvermuru.ee\/en\/?page_id=1127"},"modified":"2016-05-17T10:23:09","modified_gmt":"2016-05-17T08:23:09","slug":"ws-force-login-page","status":"publish","type":"page","link":"https:\/\/www.silvermuru.ee\/en\/wordpress\/plugins\/ws-force-login-page\/","title":{"rendered":"WS Force Login Page"},"content":{"rendered":"<p><strong>WS Force Login Page<\/strong> is WordPress plugin what force users who are not logged in by redirect into login page, this way it is good tool for developers to install sites which are in development process by restrict access to site and its content. Working also with domains what includes umlaut letters like \u00f6, \u00e4, \u00f5, \u00fc<\/p>\n<p>Suitable also for putting site to maintenance mode and show custom message in login view.<\/p>\n<ul>\n<li><a href=\"https:\/\/wordpress.org\/plugins\/ws-force-login-page\/\">WS Force Login Page in WordPress plugins catalog<\/a><\/li>\n<li><a href=\"https:\/\/downloads.wordpress.org\/plugin\/ws-force-login-page.2.4.3.zip\">Download WS Force Login Page plugin<\/a><\/li>\n<\/ul>\n<figure id=\"attachment_1105\" aria-describedby=\"caption-attachment-1105\" style=\"width: 808px\" class=\"wp-caption alignnone\"><img loading=\"lazy\" decoding=\"async\" class=\"wp-image-1105 size-full\" src=\"http:\/\/www.silvermuru.ee\/wp-content\/uploads\/2016\/04\/ws-force-login-page-admin.png\" alt=\"WS Force Login Page administreerimise leht\" width=\"808\" height=\"616\" srcset=\"https:\/\/www.silvermuru.ee\/wp-content\/uploads\/2016\/04\/ws-force-login-page-admin.png 808w, https:\/\/www.silvermuru.ee\/wp-content\/uploads\/2016\/04\/ws-force-login-page-admin-300x229.png 300w, https:\/\/www.silvermuru.ee\/wp-content\/uploads\/2016\/04\/ws-force-login-page-admin-768x586.png 768w, https:\/\/www.silvermuru.ee\/wp-content\/uploads\/2016\/04\/ws-force-login-page-admin-200x152.png 200w\" sizes=\"auto, (max-width: 808px) 100vw, 808px\" \/><figcaption id=\"caption-attachment-1105\" class=\"wp-caption-text\">WS Force Login Page admin page<\/figcaption><\/figure>\n<figure id=\"attachment_1108\" aria-describedby=\"caption-attachment-1108\" style=\"width: 808px\" class=\"wp-caption alignnone\"><img loading=\"lazy\" decoding=\"async\" class=\"wp-image-1108 size-full\" src=\"http:\/\/www.silvermuru.ee\/wp-content\/uploads\/2016\/04\/ws-force-login-page-message.png\" alt=\"WS Force Login Page sisselogimise leht koos s\u00f5numiga\" width=\"808\" height=\"616\" srcset=\"https:\/\/www.silvermuru.ee\/wp-content\/uploads\/2016\/04\/ws-force-login-page-message.png 808w, https:\/\/www.silvermuru.ee\/wp-content\/uploads\/2016\/04\/ws-force-login-page-message-300x229.png 300w, https:\/\/www.silvermuru.ee\/wp-content\/uploads\/2016\/04\/ws-force-login-page-message-768x586.png 768w, https:\/\/www.silvermuru.ee\/wp-content\/uploads\/2016\/04\/ws-force-login-page-message-200x152.png 200w\" sizes=\"auto, (max-width: 808px) 100vw, 808px\" \/><figcaption id=\"caption-attachment-1108\" class=\"wp-caption-text\">WS Force Login Page log in page with custom message<\/figcaption><\/figure>\n","protected":false},"excerpt":{"rendered":"<p>WS Force Login Page is WordPress plugin what force users who are not logged in by redirect into login page, this way it is good tool for developers to install sites which are in development process by restrict access to site and its content. Working also with domains what includes umlaut letters like \u00f6, \u00e4, &hellip; <a href=\"https:\/\/www.silvermuru.ee\/en\/wordpress\/plugins\/ws-force-login-page\/\" class=\"more-link\">Continue reading <span class=\"screen-reader-text\">WS Force Login Page<\/span><\/a><\/p>\n","protected":false},"author":1,"featured_media":1102,"parent":1125,"menu_order":0,"comment_status":"closed","ping_status":"closed","template":"","meta":{"_monsterinsights_skip_tracking":false,"_monsterinsights_sitenote_active":false,"_monsterinsights_sitenote_note":"","_monsterinsights_sitenote_category":0,"footnotes":""},"class_list":["post-1127","page","type-page","status-publish","has-post-thumbnail","hentry"],"yoast_head":"<!-- This site is optimized with the Yoast SEO plugin v27.4 - https:\/\/yoast.com\/product\/yoast-seo-wordpress\/ -->\n<title>WS Force Login Page - Silver Muru<\/title>\n<meta name=\"robots\" content=\"index, follow, max-snippet:-1, max-image-preview:large, max-video-preview:-1\" \/>\n<link rel=\"canonical\" href=\"https:\/\/www.silvermuru.ee\/en\/wordpress\/plugins\/ws-force-login-page\/\" \/>\n<meta property=\"og:locale\" content=\"en_US\" \/>\n<meta property=\"og:type\" content=\"article\" \/>\n<meta property=\"og:title\" content=\"WS Force Login Page - Silver Muru\" \/>\n<meta property=\"og:description\" content=\"WS Force Login Page is WordPress plugin what force users who are not logged in by redirect into login page, this way it is good tool for developers to install sites which are in development process by restrict access to site and its content. Working also with domains what includes umlaut letters like \u00f6, \u00e4, &hellip; Continue reading WS Force Login Page\" \/>\n<meta property=\"og:url\" content=\"https:\/\/www.silvermuru.ee\/en\/wordpress\/plugins\/ws-force-login-page\/\" \/>\n<meta property=\"og:site_name\" content=\"Silver Muru\" \/>\n<meta property=\"article:modified_time\" content=\"2016-05-17T08:23:09+00:00\" \/>\n<meta property=\"og:image\" content=\"https:\/\/www.silvermuru.ee\/wp-content\/uploads\/2016\/04\/ws-force-login-page-plugin-1.jpg\" \/>\n\t<meta property=\"og:image:width\" content=\"1350\" \/>\n\t<meta property=\"og:image:height\" content=\"720\" \/>\n\t<meta property=\"og:image:type\" content=\"image\/jpeg\" \/>\n<meta name=\"twitter:card\" content=\"summary_large_image\" \/>\n<meta name=\"twitter:label1\" content=\"Est. reading time\" \/>\n\t<meta name=\"twitter:data1\" content=\"1 minute\" \/>\n<script type=\"application\/ld+json\" class=\"yoast-schema-graph\">{\"@context\":\"https:\\\/\\\/schema.org\",\"@graph\":[{\"@type\":\"WebPage\",\"@id\":\"https:\\\/\\\/www.silvermuru.ee\\\/en\\\/wordpress\\\/plugins\\\/ws-force-login-page\\\/\",\"url\":\"https:\\\/\\\/www.silvermuru.ee\\\/en\\\/wordpress\\\/plugins\\\/ws-force-login-page\\\/\",\"name\":\"WS Force Login Page - Silver Muru\",\"isPartOf\":{\"@id\":\"https:\\\/\\\/www.silvermuru.ee\\\/en\\\/#website\"},\"primaryImageOfPage\":{\"@id\":\"https:\\\/\\\/www.silvermuru.ee\\\/en\\\/wordpress\\\/plugins\\\/ws-force-login-page\\\/#primaryimage\"},\"image\":{\"@id\":\"https:\\\/\\\/www.silvermuru.ee\\\/en\\\/wordpress\\\/plugins\\\/ws-force-login-page\\\/#primaryimage\"},\"thumbnailUrl\":\"https:\\\/\\\/www.silvermuru.ee\\\/wp-content\\\/uploads\\\/2016\\\/04\\\/ws-force-login-page-plugin-1.jpg\",\"datePublished\":\"2016-04-29T11:28:36+00:00\",\"dateModified\":\"2016-05-17T08:23:09+00:00\",\"breadcrumb\":{\"@id\":\"https:\\\/\\\/www.silvermuru.ee\\\/en\\\/wordpress\\\/plugins\\\/ws-force-login-page\\\/#breadcrumb\"},\"inLanguage\":\"en-US\",\"potentialAction\":[{\"@type\":\"ReadAction\",\"target\":[\"https:\\\/\\\/www.silvermuru.ee\\\/en\\\/wordpress\\\/plugins\\\/ws-force-login-page\\\/\"]}]},{\"@type\":\"ImageObject\",\"inLanguage\":\"en-US\",\"@id\":\"https:\\\/\\\/www.silvermuru.ee\\\/en\\\/wordpress\\\/plugins\\\/ws-force-login-page\\\/#primaryimage\",\"url\":\"https:\\\/\\\/www.silvermuru.ee\\\/wp-content\\\/uploads\\\/2016\\\/04\\\/ws-force-login-page-plugin-1.jpg\",\"contentUrl\":\"https:\\\/\\\/www.silvermuru.ee\\\/wp-content\\\/uploads\\\/2016\\\/04\\\/ws-force-login-page-plugin-1.jpg\",\"width\":1350,\"height\":720},{\"@type\":\"BreadcrumbList\",\"@id\":\"https:\\\/\\\/www.silvermuru.ee\\\/en\\\/wordpress\\\/plugins\\\/ws-force-login-page\\\/#breadcrumb\",\"itemListElement\":[{\"@type\":\"ListItem\",\"position\":1,\"name\":\"Avaleht\",\"item\":\"https:\\\/\\\/www.silvermuru.ee\\\/en\\\/\"},{\"@type\":\"ListItem\",\"position\":2,\"name\":\"WordPress\",\"item\":\"https:\\\/\\\/www.silvermuru.ee\\\/en\\\/wordpress\\\/\"},{\"@type\":\"ListItem\",\"position\":3,\"name\":\"Plugins\",\"item\":\"https:\\\/\\\/www.silvermuru.ee\\\/en\\\/wordpress\\\/plugins\\\/\"},{\"@type\":\"ListItem\",\"position\":4,\"name\":\"WS Force Login Page\"}]},{\"@type\":\"WebSite\",\"@id\":\"https:\\\/\\\/www.silvermuru.ee\\\/en\\\/#website\",\"url\":\"https:\\\/\\\/www.silvermuru.ee\\\/en\\\/\",\"name\":\"Silver Muru\",\"description\":\"Blog\",\"potentialAction\":[{\"@type\":\"SearchAction\",\"target\":{\"@type\":\"EntryPoint\",\"urlTemplate\":\"https:\\\/\\\/www.silvermuru.ee\\\/en\\\/?s={search_term_string}\"},\"query-input\":{\"@type\":\"PropertyValueSpecification\",\"valueRequired\":true,\"valueName\":\"search_term_string\"}}],\"inLanguage\":\"en-US\"}]}<\/script>\n<!-- \/ Yoast SEO plugin. -->","yoast_head_json":{"title":"WS Force Login Page - Silver Muru","robots":{"index":"index","follow":"follow","max-snippet":"max-snippet:-1","max-image-preview":"max-image-preview:large","max-video-preview":"max-video-preview:-1"},"canonical":"https:\/\/www.silvermuru.ee\/en\/wordpress\/plugins\/ws-force-login-page\/","og_locale":"en_US","og_type":"article","og_title":"WS Force Login Page - Silver Muru","og_description":"WS Force Login Page is WordPress plugin what force users who are not logged in by redirect into login page, this way it is good tool for developers to install sites which are in development process by restrict access to site and its content. Working also with domains what includes umlaut letters like \u00f6, \u00e4, &hellip; Continue reading WS Force Login Page","og_url":"https:\/\/www.silvermuru.ee\/en\/wordpress\/plugins\/ws-force-login-page\/","og_site_name":"Silver Muru","article_modified_time":"2016-05-17T08:23:09+00:00","og_image":[{"width":1350,"height":720,"url":"https:\/\/www.silvermuru.ee\/wp-content\/uploads\/2016\/04\/ws-force-login-page-plugin-1.jpg","type":"image\/jpeg"}],"twitter_card":"summary_large_image","twitter_misc":{"Est. reading time":"1 minute"},"schema":{"@context":"https:\/\/schema.org","@graph":[{"@type":"WebPage","@id":"https:\/\/www.silvermuru.ee\/en\/wordpress\/plugins\/ws-force-login-page\/","url":"https:\/\/www.silvermuru.ee\/en\/wordpress\/plugins\/ws-force-login-page\/","name":"WS Force Login Page - Silver Muru","isPartOf":{"@id":"https:\/\/www.silvermuru.ee\/en\/#website"},"primaryImageOfPage":{"@id":"https:\/\/www.silvermuru.ee\/en\/wordpress\/plugins\/ws-force-login-page\/#primaryimage"},"image":{"@id":"https:\/\/www.silvermuru.ee\/en\/wordpress\/plugins\/ws-force-login-page\/#primaryimage"},"thumbnailUrl":"https:\/\/www.silvermuru.ee\/wp-content\/uploads\/2016\/04\/ws-force-login-page-plugin-1.jpg","datePublished":"2016-04-29T11:28:36+00:00","dateModified":"2016-05-17T08:23:09+00:00","breadcrumb":{"@id":"https:\/\/www.silvermuru.ee\/en\/wordpress\/plugins\/ws-force-login-page\/#breadcrumb"},"inLanguage":"en-US","potentialAction":[{"@type":"ReadAction","target":["https:\/\/www.silvermuru.ee\/en\/wordpress\/plugins\/ws-force-login-page\/"]}]},{"@type":"ImageObject","inLanguage":"en-US","@id":"https:\/\/www.silvermuru.ee\/en\/wordpress\/plugins\/ws-force-login-page\/#primaryimage","url":"https:\/\/www.silvermuru.ee\/wp-content\/uploads\/2016\/04\/ws-force-login-page-plugin-1.jpg","contentUrl":"https:\/\/www.silvermuru.ee\/wp-content\/uploads\/2016\/04\/ws-force-login-page-plugin-1.jpg","width":1350,"height":720},{"@type":"BreadcrumbList","@id":"https:\/\/www.silvermuru.ee\/en\/wordpress\/plugins\/ws-force-login-page\/#breadcrumb","itemListElement":[{"@type":"ListItem","position":1,"name":"Avaleht","item":"https:\/\/www.silvermuru.ee\/en\/"},{"@type":"ListItem","position":2,"name":"WordPress","item":"https:\/\/www.silvermuru.ee\/en\/wordpress\/"},{"@type":"ListItem","position":3,"name":"Plugins","item":"https:\/\/www.silvermuru.ee\/en\/wordpress\/plugins\/"},{"@type":"ListItem","position":4,"name":"WS Force Login Page"}]},{"@type":"WebSite","@id":"https:\/\/www.silvermuru.ee\/en\/#website","url":"https:\/\/www.silvermuru.ee\/en\/","name":"Silver Muru","description":"Blog","potentialAction":[{"@type":"SearchAction","target":{"@type":"EntryPoint","urlTemplate":"https:\/\/www.silvermuru.ee\/en\/?s={search_term_string}"},"query-input":{"@type":"PropertyValueSpecification","valueRequired":true,"valueName":"search_term_string"}}],"inLanguage":"en-US"}]}},"_links":{"self":[{"href":"https:\/\/www.silvermuru.ee\/en\/wp-json\/wp\/v2\/pages\/1127","targetHints":{"allow":["GET"]}}],"collection":[{"href":"https:\/\/www.silvermuru.ee\/en\/wp-json\/wp\/v2\/pages"}],"about":[{"href":"https:\/\/www.silvermuru.ee\/en\/wp-json\/wp\/v2\/types\/page"}],"author":[{"embeddable":true,"href":"https:\/\/www.silvermuru.ee\/en\/wp-json\/wp\/v2\/users\/1"}],"replies":[{"embeddable":true,"href":"https:\/\/www.silvermuru.ee\/en\/wp-json\/wp\/v2\/comments?post=1127"}],"version-history":[{"count":3,"href":"https:\/\/www.silvermuru.ee\/en\/wp-json\/wp\/v2\/pages\/1127\/revisions"}],"predecessor-version":[{"id":1220,"href":"https:\/\/www.silvermuru.ee\/en\/wp-json\/wp\/v2\/pages\/1127\/revisions\/1220"}],"up":[{"embeddable":true,"href":"https:\/\/www.silvermuru.ee\/en\/wp-json\/wp\/v2\/pages\/1125"}],"wp:featuredmedia":[{"embeddable":true,"href":"https:\/\/www.silvermuru.ee\/en\/wp-json\/wp\/v2\/media\/1102"}],"wp:attachment":[{"href":"https:\/\/www.silvermuru.ee\/en\/wp-json\/wp\/v2\/media?parent=1127"}],"curies":[{"name":"wp","href":"https:\/\/api.w.org\/{rel}","templated":true}]}}